{"id":980,"date":"2021-04-18T03:50:49","date_gmt":"2021-04-18T03:50:49","guid":{"rendered":"https:\/\/psicologa-cristina-guzman.com\/index.php\/services\/"},"modified":"2024-06-26T01:36:39","modified_gmt":"2024-06-26T01:36:39","slug":"terapias","status":"publish","type":"page","link":"https:\/\/psicologa-cristina-guzman.com\/index.php\/terapias\/","title":{"rendered":"Services"},"content":{"rendered":"\n\n\t<h1>\n\t\t\t\t\tTerapias\n\t\t\t\t<\/h1>\n\t<h3>\n\t\t\t\t\tTerapia cognitivo-conductual (TCC), con especialidad en Terapia de Esquemas.\n\t\t\t\t<\/h3>\n\t<p>La <strong>Terapia Cognitivo-conductual (TCC)<\/strong> es una forma de terapia que le ayuda a gestionar sus problemas cambiando su forma de pensar y comportarse. La TCC se basa en el concepto de que tus pensamientos, sentimientos, sensaciones f\u00edsicas y acciones est\u00e1n interconectados, y que los pensamientos y sentimientos negativos pueden atraparte en un c\u00edrculo vicioso.<\/p>\n<p>La\u00a0<b>Terapia de Esquemas<\/b>\u00a0define las intervenciones terap\u00e9uticas en los Trastornos de la Personalidad (TP) en base a una conceptualizaci\u00f3n del caso idiosincr\u00e1sica para cada paciente, que se basa en la identificaci\u00f3n de los\u00a0<b>esquemas<\/b>\u00a0precoces desadaptativos y los estilos de afrontamiento desadaptativos.<\/p>\n\t\t\t\t<img decoding=\"async\" src=\"https:\/\/psicologa-cristina-guzman.com\/wp-content\/uploads\/bb-plugin\/cache\/Diseno-sin-titulo-circle.png\" alt=\"Maria Fernanda\" itemprop=\"image\"\/>\n\t<p>Es una profesional que te deja expresarte sin juzgarte, te dedica el tiempo que necesitas, y se preocupa por intentar comprender la situacion o situaciones que te llevaron a buscar terapia. Agradecida de haber encontrado una terapeuta con la que me siento bien al hablar.<\/p>\n\t<h6>\n\t\t\t\t\tMaria Fernanda Rojas\n\t\t\t\t<\/h6>\n\t<h2>\n\t\t\t\t\tAtendemos\n\t\t\t\t<\/h2>\n\t<h4>\n\t\t\t\t\tTerapia de adolescentes\n\t\t\t\t<\/h4>\nConsiste en un proceso dirigido a j\u00f3venes, donde el profesional en psicoterapia les acompa\u00f1a y gu\u00eda para que logren expresar aquello que est\u00e1n viviendo, pensando y sintiendo.\n\t<h4>\n\t\t\t\t\tTerapia para adultos\n\t\t\t\t<\/h4>\n\t\t\t<p>As\u00ed como la terapia en general, es un proceso a trav\u00e9s del cual se ense\u00f1a una serie de habilidades, t\u00e9cnicas y estrategias para conseguir que la persona que acude a consulta pueda afrontar con \u00e9xito sus problemas hasta conseguir superarlos definitivamente.<\/p>\n\t<h4>\n\t\t\t\t\tTerapia de Pareja\n\t\t\t\t<\/h4>\n\t\t\t<p>Este servicio se ofrece a las parejas y\/o familias que desean resolver alg\u00fan(os) conflicto(s) en particular; sin embargo, tambi\u00e9n pueden hacer un proceso con el objetivo de mejorar la relaci\u00f3n y din\u00e1mica intrafamiliar.<\/p>\n\t<h6>\n\t\t\t\t\tTestimonials\n\t\t\t\t<\/h6>\n\t<h2>\n\t\t\t\t\tWhat Clients Are Saying\n\t\t\t\t<\/h2>\n\t<p>&#8220;Justo vestibulum risus imperdiet consectetur consectetur pretium urna augue etiam risus accumsan volutpat urna, eu semper enim, est aliquam laoreet urna fringilla viverra.&#8221;<\/p>\n\t\t\t\t<img decoding=\"async\" src=\"https:\/\/psicologa-cristina-guzman.com\/wp-content\/uploads\/bb-plugin\/cache\/business-couching-consulting-template-reviewer-2-circle.jpg\" alt=\"business-couching-consulting-template-reviewer-2\" itemprop=\"image\"\/>\n\t<h6>\n\t\t\t\t\tDaniel Johnson\n\t\t\t\t<\/h6>\n\t<p>&#8220;Ullamcorper enim at amet eget faucibus morbi ornare feugiat posuere blandit donec sit quis lectus eget faucibus scelerisque duis.&#8221;<\/p>\n\t\t\t\t<img decoding=\"async\" src=\"https:\/\/psicologa-cristina-guzman.com\/wp-content\/uploads\/bb-plugin\/cache\/business-couching-consulting-template-reviewer-3-circle.jpg\" alt=\"business-couching-consulting-template-reviewer-3\" itemprop=\"image\"\/>\n\t<h6>\n\t\t\t\t\tJulia Michele\n\t\t\t\t<\/h6>\n\t<p>&#8220;Semper duis tellus orci nulla nibh elementum purus, pretium facilisi vel eget amet, diam lacinia tempus tristique euismod viverra fusce risus euismod amet.&#8221;<\/p>\n\t\t\t\t<img decoding=\"async\" src=\"https:\/\/psicologa-cristina-guzman.com\/wp-content\/uploads\/bb-plugin\/cache\/business-couching-consulting-template-reviewer-1-circle.jpg\" alt=\"business-couching-consulting-template-reviewer-1\" itemprop=\"image\"\/>\n\t<h6>\n\t\t\t\t\tRobert Green\n\t\t\t\t<\/h6>\n\t<p>&#8220;Vitae erat pretium, interdum et, massa, nunc rutrum at lectus lectus aenean etiam nulla nibh ipsum commodo eu nibh scelerisque pharetra, sem netus risus.&#8221;<\/p>\n\t\t\t\t<img decoding=\"async\" src=\"https:\/\/psicologa-cristina-guzman.com\/wp-content\/uploads\/bb-plugin\/cache\/business-couching-consulting-template-reviewer-4-circle.jpg\" alt=\"business-couching-consulting-template-reviewer-4\" itemprop=\"image\"\/>\n\t<h6>\n\t\t\t\t\tOliver Goodman\n\t\t\t\t<\/h6>\n\t<h2>\n\t\t\t\t\tSi tienes alguna consulta o una emergencia llame al telefono (506) 7023-0937\n\t\t\t\t<\/h2>\n<p>Consulte la disponibilidad de agenda de la Dra. Cristina Guzman y agende su cita hoy mismo.!<\/p>\n\t\t\t<a href=\"https:\/\/bit.ly\/CristinaPsicologa\" target=\"_blank\" role=\"button\" rel=\"noopener\">\n\t\t\t\t\t\tAgende su cita\n\t\t<\/a>\n\n","protected":false},"excerpt":{"rendered":"<p>Terapias Terapia cognitivo-conductual (TCC), con especialidad en Terapia de Esquemas. La Terapia Cognitivo-conductual (TCC) es una forma de terapia que le ayuda a gestionar sus problemas cambiando su forma de pensar y comportarse. La TCC se basa en el concepto de que tus pensamientos, sentimientos, sensaciones f\u00edsicas y acciones est\u00e1n interconectados, y que los pensamientos [&hellip;]<\/p>\n","protected":false},"author":1,"featured_media":0,"parent":0,"menu_order":0,"comment_status":"closed","ping_status":"closed","template":"","meta":{"site-sidebar-layout":"no-sidebar","site-content-layout":"page-builder","ast-site-content-layout":"full-width-container","site-content-style":"unboxed","site-sidebar-style":"unboxed","ast-global-header-display":"","ast-banner-title-visibility":"","ast-main-header-display":"","ast-hfb-above-header-display":"","ast-hfb-below-header-display":"","ast-hfb-mobile-header-display":"","site-post-title":"disabled","ast-breadcrumbs-content":"disabled","ast-featured-img":"disabled","footer-sml-layout":"","ast-disable-related-posts":"","theme-transparent-header-meta":"enabled","adv-header-id-meta":"","stick-header-meta":"","header-above-stick-meta":"","header-main-stick-meta":"","header-below-stick-meta":"","astra-migrate-meta-layouts":"set","ast-page-background-enabled":"default","ast-page-background-meta":{"desktop":{"background-color":"","background-image":"","background-repeat":"repeat","background-position":"center center","background-size":"auto","background-attachment":"scroll","background-type":"","background-media":"","overlay-type":"","overlay-color":"","overlay-opacity":"","overlay-gradient":""},"tablet":{"background-color":"","background-image":"","background-repeat":"repeat","background-position":"center center","background-size":"auto","background-attachment":"scroll","background-type":"","background-media":"","overlay-type":"","overlay-color":"","overlay-opacity":"","overlay-gradient":""},"mobile":{"background-color":"","background-image":"","background-repeat":"repeat","background-position":"center center","background-size":"auto","background-attachment":"scroll","background-type":"","background-media":"","overlay-type":"","overlay-color":"","overlay-opacity":"","overlay-gradient":""}},"ast-content-background-meta":{"desktop":{"background-color":"var(--ast-global-color-5)","background-image":"","background-repeat":"repeat","background-position":"center center","background-size":"auto","background-attachment":"scroll","background-type":"","background-media":"","overlay-type":"","overlay-color":"","overlay-opacity":"","overlay-gradient":""},"tablet":{"background-color":"var(--ast-global-color-5)","background-image":"","background-repeat":"repeat","background-position":"center center","background-size":"auto","background-attachment":"scroll","background-type":"","background-media":"","overlay-type":"","overlay-color":"","overlay-opacity":"","overlay-gradient":""},"mobile":{"background-color":"var(--ast-global-color-5)","background-image":"","background-repeat":"repeat","background-position":"center center","background-size":"auto","background-attachment":"scroll","background-type":"","background-media":"","overlay-type":"","overlay-color":"","overlay-opacity":"","overlay-gradient":""}},"footnotes":""},"class_list":["post-980","page","type-page","status-publish","hentry"],"aioseo_notices":[],"_hostinger_reach_plugin_has_subscription_block":false,"_hostinger_reach_plugin_is_elementor":false,"_links":{"self":[{"href":"https:\/\/psicologa-cristina-guzman.com\/index.php\/wp-json\/wp\/v2\/pages\/980","targetHints":{"allow":["GET"]}}],"collection":[{"href":"https:\/\/psicologa-cristina-guzman.com\/index.php\/wp-json\/wp\/v2\/pages"}],"about":[{"href":"https:\/\/psicologa-cristina-guzman.com\/index.php\/wp-json\/wp\/v2\/types\/page"}],"author":[{"embeddable":true,"href":"https:\/\/psicologa-cristina-guzman.com\/index.php\/wp-json\/wp\/v2\/users\/1"}],"replies":[{"embeddable":true,"href":"https:\/\/psicologa-cristina-guzman.com\/index.php\/wp-json\/wp\/v2\/comments?post=980"}],"version-history":[{"count":4,"href":"https:\/\/psicologa-cristina-guzman.com\/index.php\/wp-json\/wp\/v2\/pages\/980\/revisions"}],"predecessor-version":[{"id":1090,"href":"https:\/\/psicologa-cristina-guzman.com\/index.php\/wp-json\/wp\/v2\/pages\/980\/revisions\/1090"}],"wp:attachment":[{"href":"https:\/\/psicologa-cristina-guzman.com\/index.php\/wp-json\/wp\/v2\/media?parent=980"}],"curies":[{"name":"wp","href":"https:\/\/api.w.org\/{rel}","templated":true}]}}