{"id":968,"date":"2021-04-17T04:49:59","date_gmt":"2021-04-17T04:49:59","guid":{"rendered":"https:\/\/psicologa-cristina-guzman.com\/index.php\/home\/"},"modified":"2024-10-24T19:16:02","modified_gmt":"2024-10-24T19:16:02","slug":"home","status":"publish","type":"page","link":"https:\/\/psicologa-cristina-guzman.com\/","title":{"rendered":"Home"},"content":{"rendered":"\n\n\t\t\t<h6>\n\t\t\t\t\tBienvenidos a mi pagina de consulta de psicologia\n\t\t\t\t<\/h6>\n\t\t\t<h2>\n\t\t\t\t\tDra. Cristina Guzman\n\t\t\t\t<\/h2>\n\t\t\t<h3>\u00a0<\/h3>\n\t<p>Descubre tu potencial para un futuro m\u00e1s brillante. En la consulta de la doctora Cristina Guzm\u00e1n, nos dedicamos a ofrecer una terapia compasiva y efectiva adaptada a tus necesidades \u00fanicas.<\/p>\n<p>Ya sea que busques apoyo para ti mismo, para tu adolescente o para tu relaci\u00f3n de pareja, has llegado al lugar indicado.<\/p>\n<p>Comienza tu viaje hacia la sanaci\u00f3n y el crecimiento personal con una profesional de confianza a tu lado.<\/p>\n\t\t\t<a href=\"https:\/\/bit.ly\/CristinaPsicologa\" target=\"_blank\" role=\"button\" rel=\"noopener\">\n\t\t\t\t\t\tEmpieza tu viaje hoy mismo\n\t\t<\/a>\n\t\t\t<h2>\n\t\t\t\t\tAtendemos\n\t\t\t\t<\/h2>\n\t\t\t<h6>\n\t\t\t\t\t01.\n\t\t\t\t<\/h6>\n\t\t\t<h4>\n\t\t\t\t\tTerapia para Adolescentes\n\t\t\t\t<\/h4>\n\t\t\t<p><strong>Crecimiento y Resiliencia<\/strong><br \/>Apoyamos a los j\u00f3venes en su desarrollo emocional y mental.<\/p>\n\t\t\t<h6>\n\t\t\t\t\t02.\n\t\t\t\t<\/h6>\n\t\t\t<h4>\n\t\t\t\t\tTerapia para Adultos\n\t\t\t\t<\/h4>\n\t\t\t<p><strong>Equilibrio y Bienestar<\/strong><br \/>Ayudamos a los adultos a encontrar paz y balance en sus vidas.<\/p>\n<h3>\u00a0<\/h3>\n\t\t\t<h6>\n\t\t\t\t\t03.\n\t\t\t\t<\/h6>\n\t\t\t<h4>\n\t\t\t\t\tTerapia para Parejas\n\t\t\t\t<\/h4>\n\t\t\t<p><strong>Fortalecimiento de Relaciones<\/strong><br \/>Mejoramos la comunicaci\u00f3n y la conexi\u00f3n en las parejas.<\/p>\n<h3>\u00a0<\/h3>\n\t\t\t<h6>\n\t\t\t\t\t04.\n\t\t\t\t<\/h6>\n\t\t\t<h4>\n\t\t\t\t\tManejo del Estr\u00e9s\n\t\t\t\t<\/h4>\n\t\t\t<p><strong>Vive sin Ansiedad<\/strong><br \/>Estrategias efectivas para reducir el estr\u00e9s y la ansiedad.<\/p>\n<h3>\u00a0<\/h3>\n\t\t\t<h6>\n\t\t\t\t\t05.\n\t\t\t\t<\/h6>\n\t\t\t<h4>\n\t\t\t\t\tApoyo Emocional\n\t\t\t\t<\/h4>\n\t\t\t<p><strong>Nunca Est\u00e1s Solo<\/strong><br \/>Ofrecemos un espacio seguro para expresar tus emociones y encontrar apoyo<\/p>\n\t\t\t<h6>\n\t\t\t\t\t06.\n\t\t\t\t<\/h6>\n\t\t\t<h4>\n\t\t\t\t\tDesarrollo Personal\n\t\t\t\t<\/h4>\n\t\t\t<p><strong>Descubre tu Potencial<\/strong><br \/>Te ayudamos a alcanzar tus metas y a crecer personalmente.<\/p>\n\t\t\t<h6>\n\t\t\t\t\t07.\n\t\t\t\t<\/h6>\n\t\t\t<h4>\n\t\t\t\t\tCrisis y Transiciones\n\t\t\t\t<\/h4>\n\t\t\t<p><strong>Supera los Momentos Dif\u00edciles<\/strong><br \/>Te acompa\u00f1amos en la gesti\u00f3n de p\u00e9rdidas, cambios y crisis vitales.<\/p>\n<h3>\u00a0<\/h3>\n\t\t\t<h6>\n\t\t\t\t\t08.\n\t\t\t\t<\/h6>\n\t\t\t<h4>\n\t\t\t\t\tSalud Mental Integral\n\t\t\t\t<\/h4>\n\t\t\t<p><strong>Cuidado Hol\u00edstico<\/strong><br \/>Enfoque integral para tu bienestar emocional, mental y f\u00edsico.<\/p>\n\t\t\t<h6>\n\t\t\t\t\tQuien es la Dra Cristina\n\t\t\t\t<\/h6>\n\t\t\t<h3>\n\t\t\t\t\tSoy Cristina Guzman.<br \/>Mi vocacion me hace ser agente de cambio de las personas.\n\t\t\t\t<\/h3>\n\t<p>Lo que m\u00e1s disfruto de mi profesion es poder ser ese agente de cambio en las personas, tener el honor de poder acompa\u00f1arlos en el proceso que ellos han decidido iniciar y poder observar todo su proceso, develando todo esas fortalezas que han sido bloqueadas, por pensamientos err\u00f3neos, poder lograr poco a poco m\u00e1s estabilidad emocional<\/p>\n\t\t\t<a href=\"https:\/\/bit.ly\/CristinaPsicologa\" target=\"_blank\" role=\"button\" rel=\"noopener\">\n\t\t\t\t\t\tAgenda una cita\n\t\t<\/a>\n\t\t\t\t<img decoding=\"async\" src=\"https:\/\/psicologa-cristina-guzman.com\/wp-content\/uploads\/2024\/06\/Cristina.png\" alt=\"Dra Cristina Guzman\" itemprop=\"image\"\/>\n\t\t\t<h3>\n\t\t\t\t\tSoy una profesional en Psicologia, pero tambien soy madre y esposa.<br \/> Me llena de alegria ver como avanzan mis pacientes con la ayuda de la terapia.\n\t\t\t\t<\/h3>\n\t\t\t<h6>\n\t\t\t\t\tTestimonios\n\t\t\t\t<\/h6>\n\t\t\t<h2>\n\t\t\t\t\tComentartios de mis pacientes\n\t\t\t\t<\/h2>\n\t<p>&#8220;Me hizo sentir bastante comoda y fue facil hablar con ella, la recomiendo.&#8221;<\/p>\n\t\t\t\t<img decoding=\"async\" src=\"https:\/\/psicologa-cristina-guzman.com\/wp-content\/uploads\/bb-plugin\/cache\/business-couching-consulting-template-reviewer-2-circle.jpg\" alt=\"business-couching-consulting-template-reviewer-2\" itemprop=\"image\"\/>\n\t\t\t<h6>\n\t\t\t\t\tDaniel Johnson\n\t\t\t\t<\/h6>\n\t<p>&#8220;Cris es una persona muy dulce y con amplia experiencia, estamos seguros que es la persona indicada para este proceso!.&#8221;<\/p>\n\t\t\t\t<img decoding=\"async\" src=\"https:\/\/psicologa-cristina-guzman.com\/wp-content\/uploads\/bb-plugin\/cache\/business-couching-consulting-template-reviewer-3-circle.jpg\" alt=\"business-couching-consulting-template-reviewer-3\" itemprop=\"image\"\/>\n\t\t\t<h6>\n\t\t\t\t\tViviana Marcela Quesada Rojas\n\t\t\t\t<\/h6>\n\t<p>&#8220;Semper duis tellus orci nulla nibh elementum purus, pretium facilisi vel eget amet, diam lacinia tempus tristique euismod viverra fusce risus euismod amet.&#8221;<\/p>\n\t\t\t\t<img decoding=\"async\" src=\"https:\/\/psicologa-cristina-guzman.com\/wp-content\/uploads\/bb-plugin\/cache\/business-couching-consulting-template-reviewer-1-circle.jpg\" alt=\"business-couching-consulting-template-reviewer-1\" itemprop=\"image\"\/>\n\t\t\t<h6>\n\t\t\t\t\tRobert Green\n\t\t\t\t<\/h6>\n\t<p>&#8220;Vitae erat pretium, interdum et, massa, nunc rutrum at lectus lectus aenean etiam nulla nibh ipsum commodo eu nibh scelerisque pharetra, sem netus risus.&#8221;<\/p>\n\t\t\t\t<img decoding=\"async\" src=\"https:\/\/psicologa-cristina-guzman.com\/wp-content\/uploads\/bb-plugin\/cache\/business-couching-consulting-template-reviewer-4-circle.jpg\" alt=\"business-couching-consulting-template-reviewer-4\" itemprop=\"image\"\/>\n\t\t\t<h6>\n\t\t\t\t\tOliver Goodman\n\t\t\t\t<\/h6>\n\t\t\t<h2>\n\t\t\t\t\tSi tienes alguna consulta o una emergencia llame al telefono (506) 7023-0937\n\t\t\t\t<\/h2>\n\t<p>Consulte la disponibilidad de agenda de la Dra. Cristina Guzman y agende su cita hoy mismo.!<\/p>\n\t\t\t<a href=\"https:\/\/bit.ly\/CristinaPsicologa\" target=\"_blank\" role=\"button\" rel=\"noopener\">\n\t\t\t\t\t\tAGENDE SU CITA\n\t\t<\/a>\n\n","protected":false},"excerpt":{"rendered":"<p>Bienvenidos a mi pagina de consulta de psicologia Dra. Cristina Guzman \u00a0 Descubre tu potencial para un futuro m\u00e1s brillante. En la consulta de la doctora Cristina Guzm\u00e1n, nos dedicamos a ofrecer una terapia compasiva y efectiva adaptada a tus necesidades \u00fanicas. Ya sea que busques apoyo para ti mismo, para tu adolescente o para [&hellip;]<\/p>\n","protected":false},"author":1,"featured_media":0,"parent":0,"menu_order":0,"comment_status":"closed","ping_status":"closed","template":"","meta":{"site-sidebar-layout":"no-sidebar","site-content-layout":"page-builder","ast-site-content-layout":"full-width-container","site-content-style":"unboxed","site-sidebar-style":"unboxed","ast-global-header-display":"","ast-banner-title-visibility":"","ast-main-header-display":"","ast-hfb-above-header-display":"","ast-hfb-below-header-display":"","ast-hfb-mobile-header-display":"","site-post-title":"disabled","ast-breadcrumbs-content":"disabled","ast-featured-img":"disabled","footer-sml-layout":"","ast-disable-related-posts":"","theme-transparent-header-meta":"enabled","adv-header-id-meta":"","stick-header-meta":"","header-above-stick-meta":"","header-main-stick-meta":"","header-below-stick-meta":"","astra-migrate-meta-layouts":"set","ast-page-background-enabled":"default","ast-page-background-meta":{"desktop":{"background-color":"","background-image":"","background-repeat":"repeat","background-position":"center center","background-size":"auto","background-attachment":"scroll","background-type":"","background-media":"","overlay-type":"","overlay-color":"","overlay-opacity":"","overlay-gradient":""},"tablet":{"background-color":"","background-image":"","background-repeat":"repeat","background-position":"center center","background-size":"auto","background-attachment":"scroll","background-type":"","background-media":"","overlay-type":"","overlay-color":"","overlay-opacity":"","overlay-gradient":""},"mobile":{"background-color":"","background-image":"","background-repeat":"repeat","background-position":"center center","background-size":"auto","background-attachment":"scroll","background-type":"","background-media":"","overlay-type":"","overlay-color":"","overlay-opacity":"","overlay-gradient":""}},"ast-content-background-meta":{"desktop":{"background-color":"var(--ast-global-color-5)","background-image":"","background-repeat":"repeat","background-position":"center center","background-size":"auto","background-attachment":"scroll","background-type":"","background-media":"","overlay-type":"","overlay-color":"","overlay-opacity":"","overlay-gradient":""},"tablet":{"background-color":"var(--ast-global-color-5)","background-image":"","background-repeat":"repeat","background-position":"center center","background-size":"auto","background-attachment":"scroll","background-type":"","background-media":"","overlay-type":"","overlay-color":"","overlay-opacity":"","overlay-gradient":""},"mobile":{"background-color":"var(--ast-global-color-5)","background-image":"","background-repeat":"repeat","background-position":"center center","background-size":"auto","background-attachment":"scroll","background-type":"","background-media":"","overlay-type":"","overlay-color":"","overlay-opacity":"","overlay-gradient":""}},"footnotes":""},"class_list":["post-968","page","type-page","status-publish","hentry"],"aioseo_notices":[],"_hostinger_reach_plugin_has_subscription_block":false,"_hostinger_reach_plugin_is_elementor":false,"_links":{"self":[{"href":"https:\/\/psicologa-cristina-guzman.com\/index.php\/wp-json\/wp\/v2\/pages\/968","targetHints":{"allow":["GET"]}}],"collection":[{"href":"https:\/\/psicologa-cristina-guzman.com\/index.php\/wp-json\/wp\/v2\/pages"}],"about":[{"href":"https:\/\/psicologa-cristina-guzman.com\/index.php\/wp-json\/wp\/v2\/types\/page"}],"author":[{"embeddable":true,"href":"https:\/\/psicologa-cristina-guzman.com\/index.php\/wp-json\/wp\/v2\/users\/1"}],"replies":[{"embeddable":true,"href":"https:\/\/psicologa-cristina-guzman.com\/index.php\/wp-json\/wp\/v2\/comments?post=968"}],"version-history":[{"count":10,"href":"https:\/\/psicologa-cristina-guzman.com\/index.php\/wp-json\/wp\/v2\/pages\/968\/revisions"}],"predecessor-version":[{"id":1097,"href":"https:\/\/psicologa-cristina-guzman.com\/index.php\/wp-json\/wp\/v2\/pages\/968\/revisions\/1097"}],"wp:attachment":[{"href":"https:\/\/psicologa-cristina-guzman.com\/index.php\/wp-json\/wp\/v2\/media?parent=968"}],"curies":[{"name":"wp","href":"https:\/\/api.w.org\/{rel}","templated":true}]}}